{"id":5512,"date":"2023-07-29T18:44:22","date_gmt":"2023-07-29T16:44:22","guid":{"rendered":"https:\/\/www.sanrafaelarnaiz.es\/misa-votiva\/"},"modified":"2023-08-21T18:18:53","modified_gmt":"2023-08-21T16:18:53","slug":"misa-votiva","status":"publish","type":"page","link":"https:\/\/www.sanrafaelarnaiz.es\/de\/misa-votiva\/","title":{"rendered":"Votivmesse St Rafael Arnaiz"},"content":{"rendered":"<p>[et_pb_section fb_built=&#8220;1&#8243; fullwidth=&#8220;on&#8220; admin_label=&#8220;Header&#8220; _builder_version=&#8220;4.21.0&#8243; background_image=&#8220;https:\/\/www.sanrafaelarnaiz.es\/wp-content\/uploads\/2023\/07\/INICIO-FOTO.jpg&#8220; background_position=&#8220;top_left&#8220; background_horizontal_offset=&#8220;0%&#8220; background_vertical_offset=&#8220;13%&#8220; custom_margin=&#8220;||-11px|||&#8220; global_colors_info=&#8220;{}&#8220;][et_pb_fullwidth_header title=&#8220;Votivmesse&#8220; text_orientation=&#8220;center&#8220; _builder_version=&#8220;4.22.0&#8243; title_font=&#8220;Didact Gothic|700|||||||&#8220; title_text_align=&#8220;left&#8220; title_font_size=&#8220;55px&#8220; title_line_height=&#8220;1.3em&#8220; content_font=&#8220;||||||||&#8220; content_text_align=&#8220;center&#8220; content_text_color=&#8220;#ffffff&#8220; content_font_size=&#8220;20px&#8220; content_line_height=&#8220;2em&#8220; subhead_font=&#8220;Didact Gothic||||||||&#8220; subhead_font_size=&#8220;38px&#8220; subhead_line_height=&#8220;1.8em&#8220; background_color=&#8220;rgba(0,0,0,0)&#8220; use_background_color_gradient=&#8220;on&#8220; background_color_gradient_type=&#8220;circular&#8220; background_color_gradient_stops=&#8220;rgba(255,159,91,0.14) 0%|rgba(163,120,84,0.66) 70%&#8220; background_color_gradient_start=&#8220;rgba(102,133,221,0.37)&#8220; background_color_gradient_end=&#8220;rgba(31,31,71,0.81)&#8220; background_color_gradient_end_position=&#8220;53%&#8220; custom_button_one=&#8220;on&#8220; button_one_text_size=&#8220;16px&#8220; button_one_text_color=&#8220;#FFFFFF&#8220; button_one_bg_color=&#8220;#6d5861&#8243; button_one_border_width=&#8220;8px&#8220; button_one_border_color=&#8220;rgba(0,0,0,0)&#8220; button_one_border_radius=&#8220;0px&#8220; button_one_letter_spacing=&#8220;3px&#8220; button_one_font=&#8220;Didact Gothic|700||on|||||&#8220; button_one_use_icon=&#8220;off&#8220; custom_button_two=&#8220;on&#8220; button_two_text_size=&#8220;16px&#8220; button_two_text_color=&#8220;#34587c&#8220; button_two_bg_color=&#8220;#ffffff&#8220; button_two_border_width=&#8220;8px&#8220; button_two_border_color=&#8220;rgba(0,0,0,0)&#8220; button_two_border_radius=&#8220;0px&#8220; button_two_letter_spacing=&#8220;3px&#8220; button_two_font=&#8220;Didact Gothic|700||on|||||&#8220; button_two_icon=&#8220;&#x49;||divi||400&#8243; button_two_icon_placement=&#8220;left&#8220; button_two_on_hover=&#8220;off&#8220; horizontal_offset=&#8220;0px&#8220; horizontal_offset_tablet=&#8220;0px&#8220; horizontal_offset_phone=&#8220;0px&#8220; horizontal_offset_last_edited=&#8220;on|desktop&#8220; custom_margin=&#8220;|||-300px|false|false&#8220; custom_margin_tablet=&#8220;|||0px|false|false&#8220; custom_margin_phone=&#8220;|||0px|false|false&#8220; custom_margin_last_edited=&#8220;on|desktop&#8220; custom_padding=&#8220;4vw||4vw|0px|true|false&#8220; custom_padding_tablet=&#8220;13vw||4vw||false|&#8220; custom_padding_phone=&#8220;13vw||40px||false|&#8220; custom_padding_last_edited=&#8220;on|phone&#8220; animation_style=&#8220;fade&#8220; animation_starting_opacity=&#8220;45%&#8220; hover_enabled=&#8220;0&#8243; title_text_align_tablet=&#8220;center&#8220; title_text_align_phone=&#8220;center&#8220; title_text_align_last_edited=&#8220;on|phone&#8220; title_font_size_tablet=&#8220;52px&#8220; title_font_size_phone=&#8220;48px&#8220; title_font_size_last_edited=&#8220;on|desktop&#8220; subhead_font_size_tablet=&#8220;&#8220; subhead_font_size_phone=&#8220;18px&#8220; subhead_font_size_last_edited=&#8220;on|phone&#8220; global_colors_info=&#8220;{}&#8220; sticky_enabled=&#8220;0&#8243;][\/et_pb_fullwidth_header][\/et_pb_section][et_pb_section fb_built=&#8220;1&#8243; admin_label=&#8220;Quote&#8220; _builder_version=&#8220;4.21.0&#8243; background_enable_color=&#8220;off&#8220; background_enable_image=&#8220;off&#8220; background_blend=&#8220;multiply&#8220; max_width=&#8220;90%&#8220; module_alignment=&#8220;center&#8220; custom_margin=&#8220;-29px||2.4%|||&#8220; custom_padding=&#8220;25px|0px|25px|0px|true|false&#8220; animation_style=&#8220;slide&#8220; animation_direction=&#8220;bottom&#8220; animation_intensity_slide=&#8220;2%&#8220; box_shadow_style=&#8220;preset1&#8243; box_shadow_vertical=&#8220;-10px&#8220; box_shadow_blur=&#8220;60px&#8220; global_colors_info=&#8220;{}&#8220;][et_pb_row column_structure=&#8220;2_5,3_5&#8243; use_custom_gutter=&#8220;on&#8220; _builder_version=&#8220;4.21.0&#8243; global_colors_info=&#8220;{}&#8220;][et_pb_column type=&#8220;2_5&#8243; _builder_version=&#8220;4.16&#8243; custom_padding=&#8220;|||&#8220; global_colors_info=&#8220;{}&#8220; custom_padding__hover=&#8220;|||&#8220;][et_pb_image src=&#8220;https:\/\/www.sanrafaelarnaiz.es\/wp-content\/uploads\/2023\/07\/5.jpg&#8220; title_text=&#8220;5&#8243; align=&#8220;center&#8220; _builder_version=&#8220;4.21.2&#8243; _module_preset=&#8220;default&#8220; width=&#8220;60%&#8220; width_tablet=&#8220;50%&#8220; width_phone=&#8220;49%&#8220; width_last_edited=&#8220;on|phone&#8220; border_width_all=&#8220;2px&#8220; global_colors_info=&#8220;{}&#8220;][\/et_pb_image][\/et_pb_column][et_pb_column type=&#8220;3_5&#8243; _builder_version=&#8220;4.16&#8243; custom_padding=&#8220;|||&#8220; global_colors_info=&#8220;{}&#8220; custom_padding__hover=&#8220;|||&#8220;][et_pb_text _builder_version=&#8220;4.21.2&#8243; text_font=&#8220;Didact Gothic||on||||||&#8220; text_text_color=&#8220;#777777&#8243; text_font_size=&#8220;18px&#8220; text_line_height=&#8220;1.6em&#8220; header_font=&#8220;||||||||&#8220; header_5_font=&#8220;||||||||&#8220; header_6_font=&#8220;Didact Gothic||||||||&#8220; header_6_text_color=&#8220;rgba(255,255,255,0.6)&#8220; header_6_font_size=&#8220;20px&#8220; header_6_line_height=&#8220;2em&#8220; background_layout=&#8220;dark&#8220; custom_margin=&#8220;0px||||false|false&#8220; custom_padding=&#8220;0px||||false|false&#8220; text_font_size_tablet=&#8220;18px&#8220; text_font_size_phone=&#8220;16px&#8220; text_font_size_last_edited=&#8220;on|phone&#8220; global_colors_info=&#8220;{}&#8220; header_5_font_size__hover=&#8220;16px&#8220; header_5_font_size__hover_enabled=&#8220;16px&#8220; header_5_letter_spacing__hover=&#8220;0px&#8220; header_5_letter_spacing__hover_enabled=&#8220;0px&#8220; header_5_line_height__hover=&#8220;1em&#8220; header_5_line_height__hover_enabled=&#8220;1em&#8220; header_5_text_shadow_style__hover=&#8220;none&#8220; header_5_text_shadow_style__hover_enabled=&#8220;none&#8220; header_5_text_shadow_color__hover=&#8220;rgba(0,0,0,0.4)&#8220; header_5_text_shadow_color__hover_enabled=&#8220;rgba(0,0,0,0.4)&#8220;]<\/p>\n<p>&#8222;Vesper&#8230;, das Nachmittagsgebet&#8230;<br \/>Momente, in denen die Seele ruht&#8230;<br \/>Die Sorgen sind vergangen, wenn es welche gab, sind die Freuden vergangen &#8230;<br \/>Der Tag verging und mit ihm verbrachten wir ein paar Mal das Kreuzschleppen,<br \/>und andere auf den Fl\u00fcgeln des Trostes &#8230;<br \/>Alles hat sein Ende, das gleiche Leiden wie Genie\u00dfen.<br \/>Vesper&#8230;, das D\u00e4mmerungsgebet&#8230;<br \/>Welche Emotionen empfindet die Seele,<br \/>Ich sehe, wie ein weiterer Tag im Dienst des Herrn verstrichen ist!<br \/>Wie dankbar ist unser Herz,<br \/>das erhabene Privileg, den Tag verbringen zu d\u00fcrfen<br \/>singen vor dem Herrn&#8230;&#8220;<\/p>\n<p>-San Rafael Arnaiz<\/p>\n<p>[\/et_pb_text][\/et_pb_column][\/et_pb_row][\/et_pb_section][et_pb_section fb_built=&#8220;1&#8243; admin_label=&#8220;Team&#8220; _builder_version=&#8220;4.16&#8243; custom_padding=&#8220;16px|||||&#8220; custom_width_px__hover=&#8220;1080px&#8220; custom_width_px__hover_enabled=&#8220;1080px&#8220; custom_width_percent__hover=&#8220;80%&#8220; custom_width_percent__hover_enabled=&#8220;80%&#8220; global_colors_info=&#8220;{}&#8220; gutter_width__hover=&#8220;3&#8243; gutter_width__hover_enabled=&#8220;3&#8243; parallax_1__hover=&#8220;off&#8220; parallax_1__hover_enabled=&#8220;off&#8220; parallax_2__hover=&#8220;off&#8220; parallax_2__hover_enabled=&#8220;off&#8220; parallax_3__hover=&#8220;off&#8220; parallax_3__hover_enabled=&#8220;off&#8220; parallax_method_1__hover=&#8220;on&#8220; parallax_method_1__hover_enabled=&#8220;on&#8220; parallax_method_2__hover=&#8220;on&#8220; parallax_method_2__hover_enabled=&#8220;on&#8220; parallax_method_3__hover=&#8220;on&#8220; parallax_method_3__hover_enabled=&#8220;on&#8220; background_size__hover=&#8220;cover&#8220; background_size__hover_enabled=&#8220;cover&#8220; background_position__hover=&#8220;center&#8220; background_position__hover_enabled=&#8220;center&#8220; use_background_color_gradient__hover=&#8220;off&#8220; use_background_color_gradient__hover_enabled=&#8220;off&#8220; background_color_gradient_start__hover=&#8220;#2b87da&#8220; background_color_gradient_start__hover_enabled=&#8220;#2b87da&#8220; background_color_gradient_end__hover=&#8220;#29c4a9&#8243; background_color_gradient_end__hover_enabled=&#8220;#29c4a9&#8243; background_color_gradient_type__hover=&#8220;linear&#8220; background_color_gradient_type__hover_enabled=&#8220;linear&#8220; background_color_gradient_direction__hover=&#8220;180deg&#8220; background_color_gradient_direction__hover_enabled=&#8220;180deg&#8220; background_color_gradient_direction_radial__hover=&#8220;center&#8220; background_color_gradient_direction_radial__hover_enabled=&#8220;center&#8220; background_color_gradient_start_position__hover=&#8220;0%&#8220; background_color_gradient_start_position__hover_enabled=&#8220;0%&#8220; background_color_gradient_end_position__hover=&#8220;100%&#8220; background_color_gradient_end_position__hover_enabled=&#8220;100%&#8220; background_color_gradient_overlays_image__hover=&#8220;off&#8220; background_color_gradient_overlays_image__hover_enabled=&#8220;off&#8220; parallax__hover=&#8220;off&#8220; parallax__hover_enabled=&#8220;off&#8220; parallax_method__hover=&#8220;on&#8220; parallax_method__hover_enabled=&#8220;on&#8220; background_repeat__hover=&#8220;no-repeat&#8220; background_repeat__hover_enabled=&#8220;no-repeat&#8220; background_blend__hover=&#8220;normal&#8220; background_blend__hover_enabled=&#8220;normal&#8220; allow_player_pause__hover=&#8220;off&#8220; allow_player_pause__hover_enabled=&#8220;off&#8220; background_video_pause_outside_viewport__hover=&#8220;on&#8220; background_video_pause_outside_viewport__hover_enabled=&#8220;on&#8220; inner_shadow__hover=&#8220;off&#8220; inner_shadow__hover_enabled=&#8220;off&#8220; make_fullwidth__hover=&#8220;off&#8220; make_fullwidth__hover_enabled=&#8220;off&#8220; use_custom_width__hover=&#8220;off&#8220; use_custom_width__hover_enabled=&#8220;off&#8220; width_unit__hover=&#8220;on&#8220; width_unit__hover_enabled=&#8220;on&#8220; make_equal__hover=&#8220;off&#8220; make_equal__hover_enabled=&#8220;off&#8220; use_custom_gutter__hover=&#8220;off&#8220; use_custom_gutter__hover_enabled=&#8220;off&#8220; border_radii__hover=&#8220;on||||&#8220; border_radii__hover_enabled=&#8220;on||||&#8220; box_shadow_style__hover=&#8220;none&#8220; box_shadow_style__hover_enabled=&#8220;none&#8220; box_shadow_color__hover=&#8220;rgba(0,0,0,0.3)&#8220; box_shadow_color__hover_enabled=&#8220;rgba(0,0,0,0.3)&#8220; max_width__hover=&#8220;100%&#8220; max_width__hover_enabled=&#8220;100%&#8220; filter_hue_rotate__hover=&#8220;0deg&#8220; filter_hue_rotate__hover_enabled=&#8220;0deg&#8220; filter_saturate__hover=&#8220;100%&#8220; filter_saturate__hover_enabled=&#8220;100%&#8220; filter_brightness__hover=&#8220;100%&#8220; filter_brightness__hover_enabled=&#8220;100%&#8220; filter_contrast__hover=&#8220;100%&#8220; filter_contrast__hover_enabled=&#8220;100%&#8220; filter_invert__hover=&#8220;0%&#8220; filter_invert__hover_enabled=&#8220;0%&#8220; filter_sepia__hover=&#8220;0%&#8220; filter_sepia__hover_enabled=&#8220;0%&#8220; filter_opacity__hover=&#8220;100%&#8220; filter_opacity__hover_enabled=&#8220;100%&#8220; filter_blur__hover=&#8220;0px&#8220; filter_blur__hover_enabled=&#8220;0px&#8220; mix_blend_mode__hover=&#8220;normal&#8220; mix_blend_mode__hover_enabled=&#8220;normal&#8220; animation_style__hover=&#8220;none&#8220; animation_style__hover_enabled=&#8220;none&#8220; animation_repeat__hover=&#8220;once&#8220; animation_repeat__hover_enabled=&#8220;once&#8220; animation_direction__hover=&#8220;center&#8220; animation_direction__hover_enabled=&#8220;center&#8220; animation_duration__hover=&#8220;1000ms&#8220; animation_duration__hover_enabled=&#8220;1000ms&#8220; animation_delay__hover=&#8220;0ms&#8220; animation_delay__hover_enabled=&#8220;0ms&#8220; animation_intensity_slide__hover=&#8220;50%&#8220; animation_intensity_slide__hover_enabled=&#8220;50%&#8220; animation_intensity_zoom__hover=&#8220;50%&#8220; animation_intensity_zoom__hover_enabled=&#8220;50%&#8220; animation_intensity_flip__hover=&#8220;50%&#8220; animation_intensity_flip__hover_enabled=&#8220;50%&#8220; animation_intensity_fold__hover=&#8220;50%&#8220; animation_intensity_fold__hover_enabled=&#8220;50%&#8220; animation_intensity_roll__hover=&#8220;50%&#8220; animation_intensity_roll__hover_enabled=&#8220;50%&#8220; animation_starting_opacity__hover=&#8220;0%&#8220; animation_starting_opacity__hover_enabled=&#8220;0%&#8220; animation_speed_curve__hover=&#8220;ease-in-out&#8220; animation_speed_curve__hover_enabled=&#8220;ease-in-out&#8220; hover_transition_duration__hover=&#8220;300ms&#8220; hover_transition_duration__hover_enabled=&#8220;300ms&#8220; hover_transition_delay__hover=&#8220;0ms&#8220; hover_transition_delay__hover_enabled=&#8220;0ms&#8220; hover_transition_speed_curve__hover=&#8220;ease&#8220; hover_transition_speed_curve__hover_enabled=&#8220;ease&#8220; background_color_gradient_stops__hover=&#8220;#2b87da 0%|#29c4a9 100%&#8220;][et_pb_row _builder_version=&#8220;4.21.0&#8243; locked=&#8220;off&#8220; global_colors_info=&#8220;{}&#8220;][et_pb_column type=&#8220;4_4&#8243; _builder_version=&#8220;4.16&#8243; custom_padding=&#8220;|||&#8220; global_colors_info=&#8220;{}&#8220; custom_padding__hover=&#8220;|||&#8220;][et_pb_text _builder_version=&#8220;4.22.0&#8243; text_font=&#8220;||||||||&#8220; text_font_size=&#8220;18px&#8220; text_line_height=&#8220;2em&#8220; header_2_font=&#8220;Didact Gothic|||on|||||&#8220; header_2_text_color=&#8220;rgba(0,0,0,0.7)&#8220; header_2_font_size=&#8220;12px&#8220; header_2_letter_spacing=&#8220;0.5em&#8220; header_2_line_height=&#8220;2em&#8220; header_3_font=&#8220;Didact Gothic||||||||&#8220; header_3_text_color=&#8220;#000000&#8243; header_3_font_size=&#8220;36px&#8220; header_3_line_height=&#8220;1.5em&#8220; text_orientation=&#8220;right&#8220; max_width=&#8220;1080px&#8220; module_alignment=&#8220;center&#8220; custom_margin=&#8220;||0px||false|false&#8220; hover_enabled=&#8220;0&#8243; header_3_font_size_tablet=&#8220;&#8220; header_3_font_size_phone=&#8220;20px&#8220; header_3_font_size_last_edited=&#8220;on|phone&#8220; locked=&#8220;off&#8220; global_colors_info=&#8220;{}&#8220; text_font_size__hover=&#8220;14px&#8220; text_font_size__hover_enabled=&#8220;14px&#8220; text_letter_spacing__hover=&#8220;0px&#8220; text_letter_spacing__hover_enabled=&#8220;0px&#8220; text_line_height__hover=&#8220;1.7em&#8220; text_line_height__hover_enabled=&#8220;1.7em&#8220; text_text_shadow_style__hover=&#8220;none&#8220; text_text_shadow_style__hover_enabled=&#8220;none&#8220; text_text_shadow_color__hover=&#8220;rgba(0,0,0,0.4)&#8220; text_text_shadow_color__hover_enabled=&#8220;rgba(0,0,0,0.4)&#8220; link_font_size__hover=&#8220;14px&#8220; link_font_size__hover_enabled=&#8220;14px&#8220; link_letter_spacing__hover=&#8220;0px&#8220; link_letter_spacing__hover_enabled=&#8220;0px&#8220; link_line_height__hover=&#8220;1em&#8220; link_line_height__hover_enabled=&#8220;1em&#8220; link_text_shadow_style__hover=&#8220;none&#8220; link_text_shadow_style__hover_enabled=&#8220;none&#8220; link_text_shadow_color__hover=&#8220;rgba(0,0,0,0.4)&#8220; link_text_shadow_color__hover_enabled=&#8220;rgba(0,0,0,0.4)&#8220; ul_font_size__hover=&#8220;14px&#8220; ul_font_size__hover_enabled=&#8220;14px&#8220; ul_letter_spacing__hover=&#8220;0px&#8220; ul_letter_spacing__hover_enabled=&#8220;0px&#8220; ul_line_height__hover=&#8220;1em&#8220; ul_line_height__hover_enabled=&#8220;1em&#8220; ul_text_shadow_style__hover=&#8220;none&#8220; ul_text_shadow_style__hover_enabled=&#8220;none&#8220; ul_text_shadow_color__hover=&#8220;rgba(0,0,0,0.4)&#8220; ul_text_shadow_color__hover_enabled=&#8220;rgba(0,0,0,0.4)&#8220; ol_font_size__hover=&#8220;14px&#8220; ol_font_size__hover_enabled=&#8220;14px&#8220; ol_letter_spacing__hover=&#8220;0px&#8220; ol_letter_spacing__hover_enabled=&#8220;0px&#8220; ol_line_height__hover=&#8220;1em&#8220; ol_line_height__hover_enabled=&#8220;1em&#8220; ol_text_shadow_style__hover=&#8220;none&#8220; ol_text_shadow_style__hover_enabled=&#8220;none&#8220; ol_text_shadow_color__hover=&#8220;rgba(0,0,0,0.4)&#8220; ol_text_shadow_color__hover_enabled=&#8220;rgba(0,0,0,0.4)&#8220; quote_font_size__hover=&#8220;14px&#8220; quote_font_size__hover_enabled=&#8220;14px&#8220; quote_letter_spacing__hover=&#8220;0px&#8220; quote_letter_spacing__hover_enabled=&#8220;0px&#8220; quote_line_height__hover=&#8220;1em&#8220; quote_line_height__hover_enabled=&#8220;1em&#8220; quote_text_shadow_style__hover=&#8220;none&#8220; quote_text_shadow_style__hover_enabled=&#8220;none&#8220; quote_text_shadow_color__hover=&#8220;rgba(0,0,0,0.4)&#8220; quote_text_shadow_color__hover_enabled=&#8220;rgba(0,0,0,0.4)&#8220; text_orientation__hover=&#8220;left&#8220; text_orientation__hover_enabled=&#8220;left&#8220; background_layout__hover=&#8220;light&#8220; background_layout__hover_enabled=&#8220;light&#8220; use_background_color_gradient__hover=&#8220;off&#8220; use_background_color_gradient__hover_enabled=&#8220;off&#8220; background_color_gradient_start__hover=&#8220;#2b87da&#8220; background_color_gradient_start__hover_enabled=&#8220;#2b87da&#8220; background_color_gradient_end__hover=&#8220;#29c4a9&#8243; background_color_gradient_end__hover_enabled=&#8220;#29c4a9&#8243; background_color_gradient_type__hover=&#8220;linear&#8220; background_color_gradient_type__hover_enabled=&#8220;linear&#8220; background_color_gradient_direction__hover=&#8220;180deg&#8220; background_color_gradient_direction__hover_enabled=&#8220;180deg&#8220; background_color_gradient_direction_radial__hover=&#8220;center&#8220; background_color_gradient_direction_radial__hover_enabled=&#8220;center&#8220; background_color_gradient_start_position__hover=&#8220;0%&#8220; background_color_gradient_start_position__hover_enabled=&#8220;0%&#8220; background_color_gradient_end_position__hover=&#8220;100%&#8220; background_color_gradient_end_position__hover_enabled=&#8220;100%&#8220; background_color_gradient_overlays_image__hover=&#8220;off&#8220; background_color_gradient_overlays_image__hover_enabled=&#8220;off&#8220; parallax__hover=&#8220;off&#8220; parallax__hover_enabled=&#8220;off&#8220; parallax_method__hover=&#8220;on&#8220; parallax_method__hover_enabled=&#8220;on&#8220; background_size__hover=&#8220;cover&#8220; background_size__hover_enabled=&#8220;cover&#8220; background_position__hover=&#8220;center&#8220; background_position__hover_enabled=&#8220;center&#8220; background_repeat__hover=&#8220;no-repeat&#8220; background_repeat__hover_enabled=&#8220;no-repeat&#8220; background_blend__hover=&#8220;normal&#8220; background_blend__hover_enabled=&#8220;normal&#8220; allow_player_pause__hover=&#8220;off&#8220; allow_player_pause__hover_enabled=&#8220;off&#8220; background_video_pause_outside_viewport__hover=&#8220;on&#8220; background_video_pause_outside_viewport__hover_enabled=&#8220;on&#8220; header_font_size__hover=&#8220;30px&#8220; header_font_size__hover_enabled=&#8220;30px&#8220; header_letter_spacing__hover=&#8220;0px&#8220; header_letter_spacing__hover_enabled=&#8220;0px&#8220; header_text_shadow_style__hover=&#8220;none&#8220; header_text_shadow_style__hover_enabled=&#8220;none&#8220; header_text_shadow_color__hover=&#8220;rgba(0,0,0,0.4)&#8220; header_text_shadow_color__hover_enabled=&#8220;rgba(0,0,0,0.4)&#8220; header_4_font_size__hover=&#8220;18px&#8220; header_4_font_size__hover_enabled=&#8220;18px&#8220; header_4_letter_spacing__hover=&#8220;0px&#8220; header_4_letter_spacing__hover_enabled=&#8220;0px&#8220; header_4_line_height__hover=&#8220;1em&#8220; header_4_line_height__hover_enabled=&#8220;1em&#8220; header_4_text_shadow_style__hover=&#8220;none&#8220; header_4_text_shadow_style__hover_enabled=&#8220;none&#8220; header_4_text_shadow_color__hover=&#8220;rgba(0,0,0,0.4)&#8220; header_4_text_shadow_color__hover_enabled=&#8220;rgba(0,0,0,0.4)&#8220; header_6_font_size__hover=&#8220;14px&#8220; header_6_font_size__hover_enabled=&#8220;14px&#8220; header_6_letter_spacing__hover=&#8220;0px&#8220; header_6_letter_spacing__hover_enabled=&#8220;0px&#8220; header_6_line_height__hover=&#8220;1em&#8220; header_6_line_height__hover_enabled=&#8220;1em&#8220; header_6_text_shadow_style__hover=&#8220;none&#8220; header_6_text_shadow_style__hover_enabled=&#8220;none&#8220; header_6_text_shadow_color__hover=&#8220;rgba(0,0,0,0.4)&#8220; header_6_text_shadow_color__hover_enabled=&#8220;rgba(0,0,0,0.4)&#8220; header_5_font_size__hover=&#8220;16px&#8220; header_5_font_size__hover_enabled=&#8220;16px&#8220; header_5_letter_spacing__hover=&#8220;0px&#8220; header_5_letter_spacing__hover_enabled=&#8220;0px&#8220; header_5_line_height__hover=&#8220;1em&#8220; header_5_line_height__hover_enabled=&#8220;1em&#8220; header_5_text_shadow_style__hover=&#8220;none&#8220; header_5_text_shadow_style__hover_enabled=&#8220;none&#8220; header_5_text_shadow_color__hover=&#8220;rgba(0,0,0,0.4)&#8220; header_5_text_shadow_color__hover_enabled=&#8220;rgba(0,0,0,0.4)&#8220; background_color_gradient_stops__hover=&#8220;#2b87da 0%|#29c4a9 100%&#8220; sticky_enabled=&#8220;0&#8243;]<\/p>\n<h3 style=\"text-align: center;\">Votivmesse<\/h3>\n<h3 style=\"text-align: center;\">Heiliger Rafael Arnaiz, Zisterzienseroblate<\/h3>\n<h2 style=\"text-align: center;\">Im Memorian<\/h2>\n<p>[\/et_pb_text][et_pb_code _builder_version=&#8220;4.21.0&#8243; _module_preset=&#8220;default&#8220; global_colors_info=&#8220;{}&#8220;]<div class=\"_df_book df-lite\" id=\"df_5517\"  _slug=\"votivmesse-st-rafael-arnaiz\" data-title=\"votivmesse-st-rafael-arnaiz\" wpoptions=\"true\" thumbtype=\"\" ><\/div><script class=\"df-shortcode-script\" nowprocket type=\"application\/javascript\">window.option_df_5517 = {\"outline\":[],\"autoEnableOutline\":\"false\",\"autoEnableThumbnail\":\"false\",\"overwritePDFOutline\":\"false\",\"direction\":\"1\",\"pageSize\":\"0\",\"source\":\"https:\\\/\\\/www.sanrafaelarnaiz.es\\\/wp-content\\\/uploads\\\/2023\\\/11\\\/MisaAleman.pdf\",\"wpOptions\":\"true\"}; if(window.DFLIP && window.DFLIP.parseBooks){window.DFLIP.parseBooks();}<\/script><!-- [et_pb_line_break_holder] -->[\/et_pb_code][\/et_pb_column][\/et_pb_row][\/et_pb_section]<\/p>\n","protected":false},"excerpt":{"rendered":"<p>&#8222;Vesper&#8230;, das Nachmittagsgebet&#8230;Momente, in denen die Seele ruht&#8230;Die Sorgen sind vergangen, wenn es welche gab, sind die Freuden vergangen &#8230;Der Tag verging und mit ihm verbrachten wir ein paar Mal das Kreuzschleppen,und andere auf den Fl\u00fcgeln des Trostes &#8230;Alles hat sein Ende, das gleiche Leiden wie Genie\u00dfen.Vesper&#8230;, das D\u00e4mmerungsgebet&#8230;Welche Emotionen empfindet die Seele,Ich sehe, wie [&hellip;]<\/p>\n","protected":false},"author":7,"featured_media":0,"parent":0,"menu_order":0,"comment_status":"closed","ping_status":"closed","template":"","meta":{"give_campaign_id":0,"_et_pb_use_builder":"on","_et_pb_old_content":"","_et_gb_content_width":"","footnotes":""},"class_list":["post-5512","page","type-page","status-publish","hentry"],"campaignId":"","_links":{"self":[{"href":"https:\/\/www.sanrafaelarnaiz.es\/de\/wp-json\/wp\/v2\/pages\/5512","targetHints":{"allow":["GET"]}}],"collection":[{"href":"https:\/\/www.sanrafaelarnaiz.es\/de\/wp-json\/wp\/v2\/pages"}],"about":[{"href":"https:\/\/www.sanrafaelarnaiz.es\/de\/wp-json\/wp\/v2\/types\/page"}],"author":[{"embeddable":true,"href":"https:\/\/www.sanrafaelarnaiz.es\/de\/wp-json\/wp\/v2\/users\/7"}],"replies":[{"embeddable":true,"href":"https:\/\/www.sanrafaelarnaiz.es\/de\/wp-json\/wp\/v2\/comments?post=5512"}],"version-history":[{"count":0,"href":"https:\/\/www.sanrafaelarnaiz.es\/de\/wp-json\/wp\/v2\/pages\/5512\/revisions"}],"wp:attachment":[{"href":"https:\/\/www.sanrafaelarnaiz.es\/de\/wp-json\/wp\/v2\/media?parent=5512"}],"curies":[{"name":"wp","href":"https:\/\/api.w.org\/{rel}","templated":true}]}}